{"id":5,"date":"2021-11-03T21:01:40","date_gmt":"2021-11-03T21:01:40","guid":{"rendered":"https:\/\/pcmbuilder.com\/esb-realestate-template-1\/?page_id=2"},"modified":"2022-12-28T13:25:40","modified_gmt":"2022-12-28T18:25:40","slug":"home","status":"publish","type":"page","link":"https:\/\/mymaildeals.com\/exacttax\/","title":{"rendered":"Home"},"content":{"rendered":"\n<h2>\n\t\tExact Income Tax Service\n\t<\/h2>\n<h2>\n\t\t5 North Commerce\n\t<\/h2>\n\t\t\t<a href=\"tel:2815604300\" target=\"_self\" role=\"button\" rel=\"noopener\">\n\t\t\t\t\t\t281-560-4300\n\t\t\t\t\t<\/a>\n<h2>\n\t\tMacroplaza Mall <br \/>(171 Pasadena Town Square)\n\t<\/h2>\n\t\t\t<a href=\"tel:8555843885\" target=\"_self\" role=\"button\" rel=\"noopener\">\n\t\t\t\t\t\t855-584-3885\n\t\t\t\t\t<\/a>\n\t\t\t\t<img loading=\"lazy\" decoding=\"async\" src=\"https:\/\/mymaildeals.com\/0014090\/wp-content\/uploads\/sites\/420\/2022\/12\/headshot-2.png\" alt=\"headshot-2\" height=\"800\" width=\"742\" title=\"headshot-2\" \/>\n<h2>\n\t\tPaul Knapp\n\t<\/h2>\n\t<p>Our owner is Paul Knapp. He has been preparing individual income taxes for himself and others for 50 years. When he retired from teaching marketing and management at the high school level he entered the tax preparation business as a full time tax professional. He says he went from one helping profession to another helping profession and that summarizes his philosophy. Ever since his days at the University of Oklahoma he has believed and taught for 31 years that a successful business does not earn profits by trying to earn profits. Instead, a successful business earns profits by helping clients solve their problems and accomplish their purposes at a fair price. He believes this philosophy explains his success in his business ventures.<\/p>\n<h2>\n\t\tExact Income Tax Service\n\t<\/h2>\n<h4>\n\t\tFast money up to $6,000*\n\t<\/h4>\n<h4>\n\t\tPlus our usual maximum legal refund and support all year\n\t<\/h4>\n\t<p>*Restrictions apply. Usually available in a few hours, but approval times may vary<\/p>\n\t<ul>\n<li>No money needed<\/li>\n<li>Lower fee means more for you<\/li>\n<li>Support all year included<\/li>\n<li>We do taxes right<\/li>\n<li>Free, no-obligation return<\/li>\n<li>2 convenient locations<br \/>\nduring tax season<\/li>\n<\/ul>\n<h4>\n\t\tDinero r\u00e1pido hasta $6,000*\n\t<\/h4>\n<h4>\n\t\tAdem\u00e1s nuestro m\u00e1ximo reembolso legal y apoyo normal durante todo el a\u00f1o\n\t<\/h4>\n\t<p>*Aplican restricciones. Normalmente est\u00e1 disponible en unas pocas horas, pero los tiempos de aprobaci\u00f3n pueden variar.<\/p>\n\t<ul>\n<li>No se necesita dinero<\/li>\n<li>Honorarios bajos significa m\u00e1s para usted<\/li>\n<li>Se incluye apoyo durante todo el a\u00f1o<\/li>\n<li>Hacemos los impuestos<br \/>\ncorrectamente<\/li>\n<li>Reembolso gratis y sin obligaci\u00f3n<\/li>\n<li>2 ubicaciones convenientes durante la temporada de impuestos<\/li>\n<\/ul>\n<h2>\n\t\tExact Income Tax Service\n\t<\/h2>\n<ul>\n<li>5 North Commerce<br \/><a href=\"tel:2815604300\">281-560-4300<\/a><\/li>\n<li>Macroplaza Mall <br \/>(171 Pasadena Town Square)<br \/><a href=\"tel:8555843885\">855-584-3885<\/a><\/li>\n<li>10918 FM 2004 Road<br \/>Santa Fe, TX 77510<\/li>\n<\/ul>\n<h5>\n\t\t<a href=\"https:\/\/www.postcardmania.com\/\" title=\"Website Developed by PostcardMania\" target=\"_blank\" rel=\"noopener nofollow\">\n\t\tWebsite Developed by PostcardMania\n\t\t<\/a>\n\t<\/h5>\n\n","protected":false},"excerpt":{"rendered":"<p>Exact Income Tax Service 5 North Commerce 281-560-4300 Macroplaza Mall (171 Pasadena Town Square) 855-584-3885 Paul Knapp Our owner is Paul Knapp. He has been preparing individual income taxes for himself and others for 50 years. When he retired from teaching marketing and management at the high school level he entered the tax preparation business&hellip;<\/p>\n","protected":false},"author":1,"featured_media":0,"parent":0,"menu_order":0,"comment_status":"closed","ping_status":"closed","template":"","meta":{"footnotes":""},"class_list":["post-5","page","type-page","status-publish","hentry"],"_links":{"self":[{"href":"https:\/\/mymaildeals.com\/exacttax\/wp-json\/wp\/v2\/pages\/5","targetHints":{"allow":["GET"]}}],"collection":[{"href":"https:\/\/mymaildeals.com\/exacttax\/wp-json\/wp\/v2\/pages"}],"about":[{"href":"https:\/\/mymaildeals.com\/exacttax\/wp-json\/wp\/v2\/types\/page"}],"author":[{"embeddable":true,"href":"https:\/\/mymaildeals.com\/exacttax\/wp-json\/wp\/v2\/users\/1"}],"replies":[{"embeddable":true,"href":"https:\/\/mymaildeals.com\/exacttax\/wp-json\/wp\/v2\/comments?post=5"}],"version-history":[{"count":27,"href":"https:\/\/mymaildeals.com\/exacttax\/wp-json\/wp\/v2\/pages\/5\/revisions"}],"predecessor-version":[{"id":410,"href":"https:\/\/mymaildeals.com\/exacttax\/wp-json\/wp\/v2\/pages\/5\/revisions\/410"}],"wp:attachment":[{"href":"https:\/\/mymaildeals.com\/exacttax\/wp-json\/wp\/v2\/media?parent=5"}],"curies":[{"name":"wp","href":"https:\/\/api.w.org\/{rel}","templated":true}]}}