{"id":343,"date":"2025-09-09T08:34:00","date_gmt":"2025-09-09T13:34:00","guid":{"rendered":"https:\/\/mymaildeals.com\/0020887\/?page_id=343"},"modified":"2025-09-09T09:05:45","modified_gmt":"2025-09-09T14:05:45","slug":"espanol","status":"publish","type":"page","link":"https:\/\/mymaildeals.com\/hudsondentalcenter\/espanol\/","title":{"rendered":"Espanol"},"content":{"rendered":"\n\n\t\t\t<a href=\"https:\/\/mymaildeals.com\/0020887\/\" target=\"_self\">\n\t\t\t\t\t\tEN\n\t\t\t\t\t<\/a>\n\t\t\t<a href=\"https:\/\/mymaildeals.com\/0020887\/espanol\" target=\"_self\">\n\t\t\t\t\t\tES\n\t\t\t\t\t<\/a>\n\t\t\t\t<img decoding=\"async\" src=\"http:\/\/mymaildeals.com\/0020887\/wp-content\/uploads\/sites\/3460\/2025\/09\/Logo.png\" alt=\"Logo\" title=\"Logo\" loading=\"lazy\" \/>\n\t\t\t\t<img decoding=\"async\" src=\"http:\/\/mymaildeals.com\/0020887\/wp-content\/uploads\/sites\/3460\/2025\/06\/dr-name.png\" alt=\"dr name\" title=\"dr name\" loading=\"lazy\" \/>\n\t\t\t<a href=\"tel:2013809101\" target=\"_self\">\n\t\t\t\t\t\t201-380-9101\n\t\t\t\t\t<\/a>\n<h2>\n\t\t\tConsiga UNA SONRISA SALUDABLE Y HERMOSA con nuestra\t<\/h2>\n<h1 data-animation-delay=\"0\" data-animation-duration=\".5\">\n\t\t\tODONTOLOG\u00cdA\t<\/h1>\n<h1 data-animation-delay=\"0\" data-animation-duration=\".5\">\n\t\t\tde primer nivel!\t<\/h1>\n<h2 data-animation-delay=\"0.2\" data-animation-duration=\".5\">\n\t\t\tAHORA ACEPTAMOS PACIENTES DE TODAS LAS EDADES\t<\/h2>\n<h2>\n\t\t\t\u00a1Cont\u00e1ctanos hoy para aprovechar las ofertas por tiempo limitado a continuaci\u00f3n!\t<\/h2>\n<h2>\n\t\t\t$99\t<\/h2>\n<h2>\n\t\t\tESPECIAL PARA NUEVOS PACIENTES\t<\/h2>\n\t<details>\n<summary>Incluye<\/summary>\nExamen completo, radiograf\u00edas con tecnolog\u00eda AI, limpieza profesional, examen de detecci\u00f3n de c\u00e1ncer oral, l\u00e1piz blanqueador.<br \/>\nNo combinable con seguro\n<\/details>\n<h2>\n\t\t\t$25\/mes\t<\/h2>\n<h2>\n\t\t\tPLAN DE MEMBRES\u00cdA\t<\/h2>\n\t<details>\n<summary>Incluye<\/summary>\n<p>$1,500 de Descuento en Invisalign<sup>\u00ae<\/sup>, 10-20% de Descuento en la mayor\u00eda de los tratamientos, examen completo y radiograf\u00edas 2 limpiezas al a\u00f1o.<\/p>\n<\/details>\n<h2>\n\t\t\tExamen de emergencia\/Segunda opini\u00f3n\t<\/h2>\n<h2>\n\t\t\tGRATIS\t<\/h2>\n<h2>\n\t\t\tConsulta de implantes\t<\/h2>\n<h2>\n\t\t\tGRATIS\t<\/h2>\n\t<p>Odontolog\u00eda general \u2022 Odontolog\u00eda cosm\u00e9tica \u2022 Odontolog\u00eda pedi\u00e1trica \u2022 Cirug\u00eda oral \u2022 Carillas \u2022 Invisalign<sup>\u00ae<\/sup> \u2022 Dentaduras postizas \u2022 Implantes \u2022 Extracciones \u2022 Endodoncista \u2022 Periodoncista \u2022 M\u00faltiples especialistas en el lugar<\/p>\n<h2>\n\t\t\tC\u00f3modo, moderno\t<\/h2>\n<h2 data-animation-delay=\"0\" data-animation-duration=\".5\">\n\t\t\t<strong>\u00a1ODONTOLOG\u00cdA<\/strong> <strong>PARA RECUPERAR TU CONFIANZA!<\/strong>\t<\/h2>\n<h2>\n\t\t\tAceptamos la mayor\u00eda de los planes privados y planes de Medicare.\t<\/h2>\n\t<p>De Clover, UnitedHealthcare<sup>\u00ae<\/sup>, Humana<sup>\u00ae<\/sup>, Braven, y AmeriHealth.<\/p>\n\t<p>Nuestra oficina de \u00faltima generaci\u00f3n est\u00e1 abierta todos los s\u00e1bados.<\/p>\n\t<p>Se aceptan emergencias dentales el mismo d\u00eda y visitas sin cita previa.<\/p>\n\t<p>Se Habla Espa\u00f1ol (Dentistas en West New York, NJ)<\/p>\n<h2 data-animation-delay=\"0\" data-animation-duration=\".5\">\n\t\t\tDr. Boris Yanes\t<\/h2>\n\t<p>DMD, Dentista general<\/p>\n\t<p>En Hudson Dental Center, nos comprometemos a brindar atenci\u00f3n dental personalizada y compasiva en un ambiente acogedor. Nuestro equipo de expertos se toma el tiempo para comprender las necesidades de cada paciente, ofreciendo una comunicaci\u00f3n clara, comodidades modernas y servicios integrales, todo en un mismo lugar.<\/p>\n<p>&nbsp;<\/p>\n<p>Con especialidades que incluyen endodoncia, prostodoncia y cirug\u00eda oral, brindamos atenci\u00f3n de alta calidad a su medida.<\/p>\n<p>&nbsp;<\/p>\n<p><strong>Nos preocupamos por usted, no solo por su sonrisa.<\/strong><\/p>\n\t\t\t<a href=\"tel:2013809101\" target=\"_self\">\n\t\t\t\t\t\t201-380-9101\n\t\t\t\t\t<\/a>\n<h2 data-animation-delay=\"0\" data-animation-duration=\".5\">\n\t\t\tLo que dicen nuestras clientes\t<\/h2>\n\t<p>James G.<\/p>\n\t<p>&#8220;From regular cleanings to getting crowns, every visit has been smooth and professional. The entire team is friendly, welcoming, and genuinely cares about their patients.&#8221;<\/p>\n\t<p>Ricky J.<\/p>\n\t<p>&#8220;Top-notch, friendly, and professional customer service and upfront pricing and options. I am happy with Hudson Dental Center West NY, NJ.&#8221;<\/p>\n\t<p>Delmy F.<\/p>\n\t<p>&#8220;The place is very clean &amp; nice, the personnel is very kind and they know their jobs. The Dr. was very professional &amp; helpful when explaining the steps to follow in my treatment. I was so happy to hear about this clinic.&#8221;<\/p>\n\t<p>Cynthia G.<\/p>\n\t<p>&#8220;My visit at Hudson Dental is always a positive one. I am terrified of dentists-I literally hyperventilate on the chair BUT the hygienist and doctor always know how to calm me down. I feel so lucky to have found such caring professionals.&#8221;<\/p>\n<h2 data-animation-delay=\"0\" data-animation-duration=\"1\">\n\t\t\t\u00a1Reclama tus ofertas hoy!\t<\/h2>\n<h2>\n\t\t\t$99\t<\/h2>\n<h2>\n\t\t\tESPECIAL PARA NUEVOS PACIENTES\t<\/h2>\n\t<details>\n<summary>Incluye<\/summary>\nExamen completo, radiograf\u00edas con tecnolog\u00eda AI, limpieza profesional, examen de detecci\u00f3n de c\u00e1ncer oral, l\u00e1piz blanqueador.<br \/>\nNo combinable con seguro\n<\/details>\n<h2>\n\t\t\t$25\/mes\t<\/h2>\n<h2>\n\t\t\tPLAN DE MEMBRES\u00cdA\t<\/h2>\n\t<details>\n<summary>Incluye<\/summary>\n<p>$1,500 de Descuento en Invisalign<sup>\u00ae<\/sup>, 10-20% de Descuento en la mayor\u00eda de los tratamientos, examen completo y radiograf\u00edas 2 limpiezas al a\u00f1o.<\/p>\n<\/details>\n<h2>\n\t\t\tExamen de emergencia\/Segunda opini\u00f3n\t<\/h2>\n<h2>\n\t\t\tGRATIS\t<\/h2>\n<h2>\n\t\t\tConsulta de implantes\t<\/h2>\n<h2>\n\t\t\tGRATIS\t<\/h2>\n\t\t\t<a href=\"#redeem-offer\" target=\"_self\">\n\t\t\t\t\t\t\t\u00a1Reclama ofertas!\n\t\t\t\t\t<\/a>\n\t\t\t\t<img decoding=\"async\" src=\"https:\/\/mymaildeals.com\/0020887\/wp-content\/uploads\/sites\/3460\/2025\/06\/White-logo.png\" alt=\"White logo\" height=\"272\" width=\"700\" title=\"White logo\" loading=\"lazy\" \/>\n<h2>\n\t\t\tLocation\t<\/h2>\n\t4914 Kennedy Blvd., Ste. 201<br \/>\nWest New York, NJ 07093\n<h2>\n\t\t\tContact\t<\/h2>\n\t\t\t<a href=\"tel:2013809101\" target=\"_self\">\n\t\t\t\t\t\t201-380-9101\n\t\t\t\t\t<\/a>\n<h2>\n\t\t\tHours\t<\/h2>\n\t<p>Mon-Fri: 9am-6pm<\/p>\n<p>Saturday: 9am-3pm<\/p>\n\t\t\t<a href=\"https:\/\/www.postcardmania.com\/\" target=\"_blank\" rel=\"noopener nofollow\">\n\t\t\t\t\t\t\tWebsite Designed and Developed by PostcardMania\n\t\t\t\t\t<\/a>\n\n","protected":false},"excerpt":{"rendered":"<p>EN ES 201-380-9101 Consiga UNA SONRISA SALUDABLE Y HERMOSA con nuestra ODONTOLOG\u00cdA de primer nivel! AHORA ACEPTAMOS PACIENTES DE TODAS LAS EDADES \u00a1Cont\u00e1ctanos hoy para aprovechar las ofertas por tiempo limitado a continuaci\u00f3n! $99 ESPECIAL PARA NUEVOS PACIENTES Incluye Examen completo, radiograf\u00edas con tecnolog\u00eda AI, limpieza profesional, examen de detecci\u00f3n de c\u00e1ncer oral, l\u00e1piz blanqueador.&hellip;<\/p>\n","protected":false},"author":12,"featured_media":0,"parent":0,"menu_order":0,"comment_status":"closed","ping_status":"closed","template":"","meta":{"footnotes":""},"class_list":["post-343","page","type-page","status-publish","hentry"],"_links":{"self":[{"href":"https:\/\/mymaildeals.com\/hudsondentalcenter\/wp-json\/wp\/v2\/pages\/343","targetHints":{"allow":["GET"]}}],"collection":[{"href":"https:\/\/mymaildeals.com\/hudsondentalcenter\/wp-json\/wp\/v2\/pages"}],"about":[{"href":"https:\/\/mymaildeals.com\/hudsondentalcenter\/wp-json\/wp\/v2\/types\/page"}],"author":[{"embeddable":true,"href":"https:\/\/mymaildeals.com\/hudsondentalcenter\/wp-json\/wp\/v2\/users\/12"}],"replies":[{"embeddable":true,"href":"https:\/\/mymaildeals.com\/hudsondentalcenter\/wp-json\/wp\/v2\/comments?post=343"}],"version-history":[{"count":7,"href":"https:\/\/mymaildeals.com\/hudsondentalcenter\/wp-json\/wp\/v2\/pages\/343\/revisions"}],"predecessor-version":[{"id":351,"href":"https:\/\/mymaildeals.com\/hudsondentalcenter\/wp-json\/wp\/v2\/pages\/343\/revisions\/351"}],"wp:attachment":[{"href":"https:\/\/mymaildeals.com\/hudsondentalcenter\/wp-json\/wp\/v2\/media?parent=343"}],"curies":[{"name":"wp","href":"https:\/\/api.w.org\/{rel}","templated":true}]}}